{"id":12288,"date":"2025-05-06T10:15:18","date_gmt":"2025-05-06T08:15:18","guid":{"rendered":"https:\/\/www.infoautonomos.com\/club-cursos\/?page_id=12288"},"modified":"2025-05-06T10:17:16","modified_gmt":"2025-05-06T08:17:16","slug":"terminos-y-condiciones-de-compra-generales","status":"publish","type":"page","link":"https:\/\/www.infoautonomos.com\/club-cursos\/terminos-y-condiciones-de-compra-generales","title":{"rendered":"T\u00e9rminos y condiciones de compra generales"},"content":{"rendered":"\n<p><\/p>\n\n\n\n<h1 class=\"wp-block-heading has-global-button-text-color has-text-color has-link-color wp-elements-fc2f0dc2980e9ce1ef6f01e89cab0ba5\" id=\"h-condiciones-generales-de-uso-y-contratacion-infoautonomos\"><strong>Condiciones generales de uso y contrataci\u00f3n Infoaut\u00f3nomos<\/strong><\/h1>\n\n\n\n<h2 class=\"wp-block-heading has-global-button-text-color has-text-color has-link-color wp-elements-2cb8001f72af54cbe038d6890abb0e04\" id=\"h-1-informacion-general\">1. Informaci\u00f3n general<\/h2>\n\n\n\n<p class=\"has-global-button-text-color has-text-color has-link-color wp-elements-a0792b0b57d1ac85012a3ecf1e5baeef\"><br>Todas las compras que se realicen en nuestro sitio web https:\/\/infoautonomos.com (a partir de ahora Infoaut\u00f3nomos) por parte del usuario (a partir de ahora \u201cel Usuario\u201d) estar\u00e1n sujetas a las Condiciones generales de contrataci\u00f3n de los servicios Infoaut\u00f3nomos en la Web expuestas en el presente documento.<br><br>La suscripci\u00f3n por parte del Usuario implica su acuerdo y aceptaci\u00f3n de las presentes Condiciones generales de contrataci\u00f3n de los servicios web de Infoaut\u00f3nomos. Ninguna estipulaci\u00f3n efectuada por el Usuario sobre las presentes condiciones, podr\u00e1 diferir de las establecidas por Infoaut\u00f3nomos Pymes S.L. Toda la informaci\u00f3n que figura en las p\u00e1ginas de Infoaut\u00f3nomos referentes a los servicios, productos, sus caracter\u00edsticas, sus precios, sus condiciones de suscripci\u00f3n incluyendo sus formas y condiciones y pago podr\u00e1n ser modificadas por Infoaut\u00f3nomos Pymes, S.L. en cualquier momento y sin previo aviso, con el objeto de tener informado puntualmente al Usuario de dichos cambios. Es responsabilidad del Usuario leerlas peri\u00f3dicamente para mantenerse informado. El usuario estar\u00e1 sujeto a las Condiciones vigentes en el momento que se use la web de Infoaut\u00f3nomos.<br><br>Algunos aspectos de las actuales Condiciones generales de uso y contrataci\u00f3n podr\u00e1n ser variados por convenio especial entre el Usuario e Infoaut\u00f3nomos Pymes, S.L. siempre con el consentimiento expreso de Infoaut\u00f3nomos Pymes S.L.<br><br>Las presentes Condiciones generales de contrataci\u00f3n de los servicios en la Web de Infoaut\u00f3nomos sustituyen a cualquier acuerdo, pacto o promesa verbal o por escrito existente entre el Usuario e Infoaut\u00f3nomos Pymes S.L. anteriormente convenidas entre las partes y as\u00ed lo reconocen.<br><br>Se entender\u00e1 que el Usuario ha le\u00eddo, entiende y acepta libremente las presentes Condiciones generales de contrataci\u00f3n de los servicios Infoaut\u00f3nomos cuando efectu\u00e9 su contrataci\u00f3n a trav\u00e9s de los formularios de suscripci\u00f3n existentes en la p\u00e1gina Web de Infoaut\u00f3nomos Pymes S.L. aceptando (marcando) la casilla dispuesta a tal efecto.<br><br>Infoaut\u00f3nomos se reservar\u00e1 siempre el derecho de aceptar o denegar a su propio criterio cualquier solicitud de contrataci\u00f3n.<br><br>El Usuario afirma que tanto los datos propios como los de pagos proporcionados a Infoaut\u00f3nomos son reales y fidedignos. En caso de que Infoaut\u00f3nomos comprobara que alguno o la totalidad de dichos datos son falsos, la contrataci\u00f3n del servicio ser\u00e1 autom\u00e1ticamente anulada y el Usuario no podr\u00e1 reclamar devoluci\u00f3n alguna.<br><br>En el caso de que el Usuario proporcione datos de una tercera persona o entidad al efectuar la contrataci\u00f3n, el Usuario ser\u00e1 el \u00fanico responsable de que dicha tercera persona o entidad conozca y acepte expresamente tal situaci\u00f3n. Toda la responsabilidad de los da\u00f1os y perjuicios que pudieran derivarse por este hecho recaer\u00e1n totalmente sobre el Usuario, excluyendo a Infoaut\u00f3nomos Pymes S.L. de cualquier responsabilidad.<\/p>\n\n\n\n<h2 class=\"wp-block-heading has-global-button-text-color has-text-color has-link-color wp-elements-89a37e6ce1b0ddf4e2e4a2fbd400636f\" id=\"h-2-nuestros-datos\">2. Nuestros datos<\/h2>\n\n\n\n<p class=\"has-global-button-text-color has-text-color has-link-color wp-elements-b5427beb2579a2bcad193fbf91014cd4\">Infoaut\u00f3nomos Pymes, S.L, sociedad espa\u00f1ola con domicilio en Parque Tecnol\u00f3gico de Ciencias de la Salud, Oficina B.206, Avenida del Conocimiento, n\u00ba41, 18016, Granada.<\/p>\n\n\n\n<p class=\"has-global-button-text-color has-text-color has-link-color wp-elements-a8265c3472a8f85c33e6b5a5b7a55051\">CIF B70620943.<\/p>\n\n\n\n<p class=\"has-global-button-text-color has-text-color has-link-color wp-elements-6d1f56a3786e557155a222e210086e04\">Datos de contacto: Tel\u00e9fono: 958 089 488. E-mail:&nbsp; marketing@infoautonomos.com<\/p>\n\n\n\n<h2 class=\"wp-block-heading has-global-button-text-color has-text-color has-link-color wp-elements-1a03b96a206f320bff0985b71bcc2f0b\" id=\"h-3-uso-de-nuestro-sitio-web\">3. Uso de nuestro sitio web<\/h2>\n\n\n\n<p class=\"has-global-button-text-color has-text-color has-link-color wp-elements-29b6512b71c6ce70ec1627fd3f6b7f5a\">Salvo error tipogr\u00e1fico u omisi\u00f3n, las caracter\u00edsticas, as\u00ed como los precios de los servicios de la suscripci\u00f3n aparecen perfectamente reflejados en las distintas p\u00e1ginas de la web que conforman el sitio de Infoaut\u00f3nomos (<a href=\"https:\/\/infoautonomos.com\"><strong>https:\/\/www.infoautonomos.com<\/strong><\/a>)<\/p>\n\n\n\n<p class=\"has-global-button-text-color has-text-color has-link-color wp-elements-c8f7a32e193d367d97c31268f022117c\"><br>La cuant\u00eda de los servicios, as\u00ed como cualquiera de sus caracter\u00edsticas podr\u00e1 ser objeto de revisi\u00f3n por parte de Infoaut\u00f3nomos en cualquier momento sin tener \u00e9ste obligaci\u00f3n alguna de notificar tales modificaciones al Usuario por otro medio que no sea la exposici\u00f3n de dichos cambios en sus p\u00e1ginas Web.<\/p>\n\n\n\n<h2 class=\"wp-block-heading has-global-button-text-color has-text-color has-link-color wp-elements-57e298eecd70674d27fdb19f112e9a2c\" id=\"h-4-acceso-como-usuario-infoautonomos\">4. Acceso como usuario Infoaut\u00f3nomos<\/h2>\n\n\n\n<p class=\"has-global-button-text-color has-text-color has-link-color wp-elements-818f0530507b9688544b515cfb8a1947\">Para hacer la contrataci\u00f3n en la web el Usuario tiene que aportar datos personales (nombre, e-mail, tel\u00e9fono, \u2026) rellenando el formulario para tal efecto. Una vez completado el pago del servicio, el usuario tendr\u00e1 abierto el acceso al recurso (taller, webinar, cursos\u2026 que haya adquirido) .<\/p>\n\n\n\n<p class=\"has-global-button-text-color has-text-color has-link-color wp-elements-2031011294eda95f54363c8449839b91\"><\/p>\n\n\n\n<h2 class=\"wp-block-heading has-global-button-text-color has-text-color has-link-color wp-elements-545f6903b13f788424bd31c269aac8c6\" id=\"h-5-impuestos\">5. Impuestos<\/h2>\n\n\n\n<p class=\"has-global-button-text-color has-text-color has-link-color wp-elements-21d7f0b513419e8aabdfdd708994b3a5\">Los precios que Infoaut\u00f3nomos muestra incluyen los impuestos. El IVA (Impuesto sobre el Valor A\u00f1adido), ser\u00e1 de aplicaci\u00f3n \u00fanicamente a los Usuarios cuya residencia actual est\u00e9 situado dentro de las zonas de aplicaci\u00f3n espec\u00edficas para este impuesto y cuando la situaci\u00f3n del Usuario as\u00ed lo requiera, respetando, en cualquier caso, las leyes espa\u00f1olas y europeas referentes al mismo. El tipo de IVA aplicable ser\u00e1 el legalmente vigente en el momento de efectuar la compra.<\/p>\n\n\n\n<h2 class=\"wp-block-heading has-global-button-text-color has-text-color has-link-color wp-elements-527357635e34e3cf49a0be3bf50d02a2\" id=\"h-6-pagos\">6. Pagos<\/h2>\n\n\n\n<p class=\"has-global-color-1-color has-text-color has-link-color wp-elements-df44bc97fa19fbb48bded2e3681cefd2\">El Usuario, es el responsable del pago de la factura aun cuando un tercero intervenga en nombre del Usuario, por lo que la responsabilidad de facilitar los datos de autentificaci\u00f3n, acceso o identificaci\u00f3n a un tercero es \u00fanica y exclusivamente del Usuario.<\/p>\n\n\n\n<p class=\"has-global-color-1-color has-text-color has-link-color wp-elements-8e864d678f5445469e0f698a2c4300ae\">Infoaut\u00f3nomos emitir\u00e1 la factura correspondiente a la compra y ser\u00e1 remitida al Usuario por v\u00eda e-mail.<\/p>\n\n\n\n<p class=\"has-global-button-text-color has-text-color has-link-color wp-elements-047590aa04724a568690262dce6b32a3\"><strong>6.1  Forma de Pago:<br><\/strong>El pago se realizar\u00e1 mediante tarjeta de cr\u00e9dito. Y siempre se efectuar\u00e1 en euros y libre de comisiones y gastos. Pago mediante cargo en Tarjeta de Cr\u00e9dito (Autorizada por la entidad): Esta es la forma de pago por tarjeta habitual en Internet. En este tipo de pago, la operaci\u00f3n es autorizada por la entidad emisora de la tarjeta del Usuario mediante conexi\u00f3n a trav\u00e9s de la pasarela de pago (TPV virtual) del banco de Infoaut\u00f3nomos Pymes S.L.<br>El Usuario acceder\u00e1 a un entorno controlado en el que proporcionar\u00e1 directamente a dicha entidad los datos de su tarjeta el cual le conectar\u00e1 con su banco\/caja para autorizar la operaci\u00f3n. De esta forma el pago se efectuar\u00e1 de manera directa, leg\u00edtima y segura manteniendo la privacidad de la informaci\u00f3n de la tarjeta en todo momento.<br>El fraude con tarjeta de cr\u00e9dito es delito, e Infoaut\u00f3nomos entablar\u00e1 acci\u00f3n judicial contra todo aquel que realice o intente realizar una transacci\u00f3n fraudulenta o estafa.<br>Para la compra del el usuario har\u00e1 un pago \u00fanico para acceder a los servicios incluidos.<\/p>\n\n\n\n<h2 class=\"wp-block-heading has-global-button-text-color has-text-color has-link-color wp-elements-c08a492ef5b81fce1fa8fabb721b56dd\" id=\"h-7-politica-de-devolucion\">7. Pol\u00edtica de Devoluci\u00f3n:<\/h2>\n\n\n\n<p class=\"has-global-button-text-color has-text-color has-link-color wp-elements-e95243e031e21aac0770d19ac24235f1\">Infoaut\u00f3nomos Pymes S.L. no realiza reembolsos de pagos o cargos realizados para la adquisici\u00f3n de los derechos de consumo y acceso a los servicios correspondientes a la contrataci\u00f3n del servicio adquirido.<\/p>\n\n\n\n<h2 class=\"wp-block-heading has-global-button-text-color has-text-color has-link-color wp-elements-0c9056d197e5f5fad23e1c92eb3d9994\" id=\"h-8-responsabilidades\">8. Responsabilidades:<\/h2>\n\n\n\n<p class=\"has-global-button-text-color has-text-color has-link-color wp-elements-9ee9aa41d7cbaf417b376f0a5f551577\">Infoaut\u00f3nomos Pymes S.L. no es responsable de aquello que le sea exclusivamente imputable al Usuario.<br>Con la aceptaci\u00f3n de las presentes Condiciones generales de contrataci\u00f3n de los servicios de Infoaut\u00f3nomos el Usuario renuncia expresamente a reclamar cualquier responsabilidad, contractual o extracontractual, da\u00f1os y perjuicios a Infoaut\u00f3nomos Pymes S.L. por posibles problemas.<br>Infoaut\u00f3nomos no acepta responsabilidades derivadas por no cumplir el servicio las expectativas del Usuario o cualquier otro perjuicio al Usuario o a terceros.<br>El uso que el Usuario haga de los servicios adquiridos es responsabilidad exclusiva del Usuario, de tal manera que Infoaut\u00f3nomos Pymes S.L. no se hace responsable de ninguna manera (ni directa ni subsidiaria) de cualquier da\u00f1o directo o indirecto, que el Usuario pudiera ocasionar as\u00ed mismo o a terceros por tal uso.<\/p>\n\n\n\n<h2 class=\"wp-block-heading has-global-button-text-color has-text-color has-link-color wp-elements-57dc8a93058edf01c941a3323726e6c3\" id=\"h-9-comunicaciones\">9. Comunicaciones:<\/h2>\n\n\n\n<p class=\"has-global-color-1-color has-text-color has-link-color wp-elements-15ac57be0e4da61c341e0ac4c8d3df30\"><br>El Usuario se obliga a mantener siempre operativa, activa y actualizada la direcci\u00f3n de e-mail para las comunicaciones fluidas con Infoaut\u00f3nomos Pymes, S.L.<br>Si el Usuario deseara cambiar alguno de los datos proporcionados deber\u00e1 hacerlo a trav\u00e9s de comunicaci\u00f3n por e-mail marketing@infoautonomos.com, cumpliendo los requisitos de seguridad exigidos por Infoaut\u00f3nomos Pymes S.L. para poder verificar la legitimidad de la solicitud.<br>Sobre el Usuario recaer\u00e1 toda responsabilidad por las consecuencias que la falta de operatividad de su direcci\u00f3n de e-mail o que la ausencia de comunicaci\u00f3n para la actualizaci\u00f3n de dicho dato en nuestros registros pudiera producir.<\/p>\n\n\n\n<p class=\"has-global-color-1-color has-text-color has-link-color wp-elements-72a02ea60cee3bfcc6199bf02dce2443\">El usuario puede compartir comentarios y sugerencias con Infoaut\u00f3nomos a trav\u00e9s del siguiente correo electr\u00f3nico marketing@infoautonomos.com. Cualquier comentario y\/o sugerencia ser\u00e1 atendido en el plazo m\u00e1s breve posible.<\/p>\n\n\n\n<h2 class=\"wp-block-heading has-global-button-text-color has-text-color has-link-color wp-elements-db68603e51a16b5184d4115b927c0c97\" id=\"h-10-informacion-legal\">10.Informaci\u00f3n legal:<\/h2>\n\n\n\n<p class=\"has-global-color-1-color has-text-color has-link-color wp-elements-ff3e9fea7c859f5ac527a7e831fabf21\"><br>El Usuario declara ser mayor de 18 a\u00f1os de edad.<br>En lo previsto en este documento, as\u00ed como en la interpretaci\u00f3n y resoluci\u00f3n de los conflictos que pudieran surgir entre las partes como consecuencia de este, ser\u00e1 de aplicaci\u00f3n la legislaci\u00f3n espa\u00f1ola.<br>Si llegara a surgir alg\u00fan conflicto o diferencia entre las partes, Usuario e Infoaut\u00f3nomos Pymes S.L. en la interpretaci\u00f3n y ejecuci\u00f3n de este documento y\/o con el uso de la p\u00e1gina web, y no se resolviera de mutuo acuerdo, el mismo ser\u00e1 resuelto a instancia de cualquiera de las partes y tras la comunicaci\u00f3n por escrito a la otra, mediante arbitraje.<br>Todo lo anterior se entender\u00e1 sin perjuicio de que las partes puedan someterse a un procedimiento judicial, en tal caso se har\u00e1 ante la jurisdicci\u00f3n y competencia de los Juzgados y Tribunales no exclusivos espa\u00f1oles, que el Usuario o Infoaut\u00f3nomos Pymes S.L. elijan.<\/p>\n\n\n\n<p class=\"has-global-color-1-color has-text-color has-link-color wp-elements-a9965518019f241fb4e508fe49615ee1\"><\/p>\n\n\n\n<h2 class=\"wp-block-heading has-global-button-text-color has-text-color has-link-color wp-elements-4cd91ed0cb7f0edc75600b5d3ec76c2a\" id=\"h-11-propiedad-industrial-e-intelectual\">11. Propiedad industrial e intelectual:<\/h2>\n\n\n\n<p class=\"has-global-button-text-color has-text-color has-link-color wp-elements-448f1c14653719ce63fccc9a4bdd35e1\">El Usuario reconoce y consiente que el copyright, autor\u00eda y dem\u00e1s derechos de propiedad industrial e intelectual sobre los contenidos que se aportan como parte de la suscripci\u00f3n al Club Infoaut\u00f3nomos corresponden en todo momento a Infoaut\u00f3nomos o a quienes han otorgado licencia para su uso a Infoaut\u00f3nomos. El Usuario podr\u00e1 hacer uso de dicho material \u00fanicamente en la forma en que se lo autorice Infoaut\u00f3nomos.<\/p>\n\n\n\n<p class=\"has-global-button-text-color has-text-color has-link-color wp-elements-2031011294eda95f54363c8449839b91\"><\/p>\n","protected":false},"excerpt":{"rendered":"<p> &#8230; <a title=\"T\u00e9rminos y condiciones de compra generales\" class=\"read-more\" href=\"https:\/\/www.infoautonomos.com\/club-cursos\/terminos-y-condiciones-de-compra-generales\" aria-label=\"Leer m\u00e1s sobre T\u00e9rminos y condiciones de compra generales\">Leer m\u00e1s<\/a><\/p>\n","protected":false},"author":144,"featured_media":0,"parent":0,"menu_order":0,"comment_status":"closed","ping_status":"closed","template":"","meta":{"_joinchat":[],"footnotes":""},"class_list":{"0":"post-12288","1":"page","2":"type-page","3":"status-publish","5":"infinite-scroll-item"},"yoast_head":"<!-- This site is optimized with the Yoast SEO Premium plugin  - https:\/\/yoast.com\/product\/yoast-seo-premium-wordpress\/ -->\n<title>T\u00e9rminos y condiciones de compra generales - Club Cursos Infoaut\u00f3nomos<\/title>\n<meta name=\"robots\" content=\"index, follow, max-snippet:-1, max-image-preview:large, max-video-preview:-1\" \/>\n<link rel=\"canonical\" href=\"https:\/\/www.infoautonomos.com\/club-cursos\/terminos-y-condiciones-de-compra-generales\/\" \/>\n<meta property=\"og:locale\" content=\"es_ES\" \/>\n<meta property=\"og:type\" content=\"article\" \/>\n<meta property=\"og:title\" content=\"T\u00e9rminos y condiciones de compra generales\" \/>\n<meta property=\"og:description\" content=\"... Leer m\u00e1s\" \/>\n<meta property=\"og:url\" content=\"https:\/\/www.infoautonomos.com\/club-cursos\/terminos-y-condiciones-de-compra-generales\/\" \/>\n<meta property=\"og:site_name\" content=\"Club Cursos Infoaut\u00f3nomos\" \/>\n<meta property=\"article:modified_time\" content=\"2025-05-06T08:17:16+00:00\" \/>\n<meta name=\"twitter:card\" content=\"summary_large_image\" \/>\n<meta name=\"twitter:label1\" content=\"Tiempo de lectura\" \/>\n\t<meta name=\"twitter:data1\" content=\"7 minutos\" \/>\n<script type=\"application\/ld+json\" class=\"yoast-schema-graph\">{\"@context\":\"https:\\\/\\\/schema.org\",\"@graph\":[{\"@type\":\"WebPage\",\"@id\":\"https:\\\/\\\/www.infoautonomos.com\\\/club-cursos\\\/terminos-y-condiciones-de-compra-generales\\\/\",\"url\":\"https:\\\/\\\/www.infoautonomos.com\\\/club-cursos\\\/terminos-y-condiciones-de-compra-generales\\\/\",\"name\":\"T\u00e9rminos y condiciones de compra generales - Club Cursos Infoaut\u00f3nomos\",\"isPartOf\":{\"@id\":\"https:\\\/\\\/www.infoautonomos.com\\\/club-cursos\\\/#website\"},\"datePublished\":\"2025-05-06T08:15:18+00:00\",\"dateModified\":\"2025-05-06T08:17:16+00:00\",\"breadcrumb\":{\"@id\":\"https:\\\/\\\/www.infoautonomos.com\\\/club-cursos\\\/terminos-y-condiciones-de-compra-generales\\\/#breadcrumb\"},\"inLanguage\":\"es\",\"potentialAction\":[{\"@type\":\"ReadAction\",\"target\":[\"https:\\\/\\\/www.infoautonomos.com\\\/club-cursos\\\/terminos-y-condiciones-de-compra-generales\\\/\"]}]},{\"@type\":\"BreadcrumbList\",\"@id\":\"https:\\\/\\\/www.infoautonomos.com\\\/club-cursos\\\/terminos-y-condiciones-de-compra-generales\\\/#breadcrumb\",\"itemListElement\":[{\"@type\":\"ListItem\",\"position\":1,\"name\":\"Portada\",\"item\":\"https:\\\/\\\/www.infoautonomos.com\\\/club-cursos\"},{\"@type\":\"ListItem\",\"position\":2,\"name\":\"T\u00e9rminos y condiciones de compra generales\"}]},{\"@type\":\"WebSite\",\"@id\":\"https:\\\/\\\/www.infoautonomos.com\\\/club-cursos\\\/#website\",\"url\":\"https:\\\/\\\/www.infoautonomos.com\\\/club-cursos\\\/\",\"name\":\"Club Cursos Infoaut\u00f3nomos\",\"description\":\"Portal de Recursos, Formaci\u00f3n de Aut\u00f3nomos\",\"publisher\":{\"@id\":\"https:\\\/\\\/www.infoautonomos.com\\\/club-cursos\\\/#organization\"},\"potentialAction\":[{\"@type\":\"SearchAction\",\"target\":{\"@type\":\"EntryPoint\",\"urlTemplate\":\"https:\\\/\\\/www.infoautonomos.com\\\/club-cursos\\\/?s={search_term_string}\"},\"query-input\":{\"@type\":\"PropertyValueSpecification\",\"valueRequired\":true,\"valueName\":\"search_term_string\"}}],\"inLanguage\":\"es\"},{\"@type\":\"Organization\",\"@id\":\"https:\\\/\\\/www.infoautonomos.com\\\/club-cursos\\\/#organization\",\"name\":\"Infoaut\u00f3nomos\",\"alternateName\":\"Portal de Noticias, informaci\u00f3n y Formaci\u00f3n para Aut\u00f3nomos\",\"url\":\"https:\\\/\\\/www.infoautonomos.com\\\/club-cursos\\\/\",\"logo\":{\"@type\":\"ImageObject\",\"inLanguage\":\"es\",\"@id\":\"https:\\\/\\\/www.infoautonomos.com\\\/club-cursos\\\/#\\\/schema\\\/logo\\\/image\\\/\",\"url\":\"https:\\\/\\\/www.infoautonomos.com\\\/club-cursos\\\/wp-content\\\/uploads\\\/sites\\\/2\\\/2023\\\/03\\\/cropped-logo-infoautonomos.avif\",\"contentUrl\":\"https:\\\/\\\/www.infoautonomos.com\\\/club-cursos\\\/wp-content\\\/uploads\\\/sites\\\/2\\\/2023\\\/03\\\/cropped-logo-infoautonomos.avif\",\"width\":230,\"height\":38,\"caption\":\"Infoaut\u00f3nomos\"},\"image\":{\"@id\":\"https:\\\/\\\/www.infoautonomos.com\\\/club-cursos\\\/#\\\/schema\\\/logo\\\/image\\\/\"}}]}<\/script>\n<!-- \/ Yoast SEO Premium plugin. -->","yoast_head_json":{"title":"T\u00e9rminos y condiciones de compra generales - Club Cursos Infoaut\u00f3nomos","robots":{"index":"index","follow":"follow","max-snippet":"max-snippet:-1","max-image-preview":"max-image-preview:large","max-video-preview":"max-video-preview:-1"},"canonical":"https:\/\/www.infoautonomos.com\/club-cursos\/terminos-y-condiciones-de-compra-generales\/","og_locale":"es_ES","og_type":"article","og_title":"T\u00e9rminos y condiciones de compra generales","og_description":"... Leer m\u00e1s","og_url":"https:\/\/www.infoautonomos.com\/club-cursos\/terminos-y-condiciones-de-compra-generales\/","og_site_name":"Club Cursos Infoaut\u00f3nomos","article_modified_time":"2025-05-06T08:17:16+00:00","twitter_card":"summary_large_image","twitter_misc":{"Tiempo de lectura":"7 minutos"},"schema":{"@context":"https:\/\/schema.org","@graph":[{"@type":"WebPage","@id":"https:\/\/www.infoautonomos.com\/club-cursos\/terminos-y-condiciones-de-compra-generales\/","url":"https:\/\/www.infoautonomos.com\/club-cursos\/terminos-y-condiciones-de-compra-generales\/","name":"T\u00e9rminos y condiciones de compra generales - Club Cursos Infoaut\u00f3nomos","isPartOf":{"@id":"https:\/\/www.infoautonomos.com\/club-cursos\/#website"},"datePublished":"2025-05-06T08:15:18+00:00","dateModified":"2025-05-06T08:17:16+00:00","breadcrumb":{"@id":"https:\/\/www.infoautonomos.com\/club-cursos\/terminos-y-condiciones-de-compra-generales\/#breadcrumb"},"inLanguage":"es","potentialAction":[{"@type":"ReadAction","target":["https:\/\/www.infoautonomos.com\/club-cursos\/terminos-y-condiciones-de-compra-generales\/"]}]},{"@type":"BreadcrumbList","@id":"https:\/\/www.infoautonomos.com\/club-cursos\/terminos-y-condiciones-de-compra-generales\/#breadcrumb","itemListElement":[{"@type":"ListItem","position":1,"name":"Portada","item":"https:\/\/www.infoautonomos.com\/club-cursos"},{"@type":"ListItem","position":2,"name":"T\u00e9rminos y condiciones de compra generales"}]},{"@type":"WebSite","@id":"https:\/\/www.infoautonomos.com\/club-cursos\/#website","url":"https:\/\/www.infoautonomos.com\/club-cursos\/","name":"Club Cursos Infoaut\u00f3nomos","description":"Portal de Recursos, Formaci\u00f3n de Aut\u00f3nomos","publisher":{"@id":"https:\/\/www.infoautonomos.com\/club-cursos\/#organization"},"potentialAction":[{"@type":"SearchAction","target":{"@type":"EntryPoint","urlTemplate":"https:\/\/www.infoautonomos.com\/club-cursos\/?s={search_term_string}"},"query-input":{"@type":"PropertyValueSpecification","valueRequired":true,"valueName":"search_term_string"}}],"inLanguage":"es"},{"@type":"Organization","@id":"https:\/\/www.infoautonomos.com\/club-cursos\/#organization","name":"Infoaut\u00f3nomos","alternateName":"Portal de Noticias, informaci\u00f3n y Formaci\u00f3n para Aut\u00f3nomos","url":"https:\/\/www.infoautonomos.com\/club-cursos\/","logo":{"@type":"ImageObject","inLanguage":"es","@id":"https:\/\/www.infoautonomos.com\/club-cursos\/#\/schema\/logo\/image\/","url":"https:\/\/www.infoautonomos.com\/club-cursos\/wp-content\/uploads\/sites\/2\/2023\/03\/cropped-logo-infoautonomos.avif","contentUrl":"https:\/\/www.infoautonomos.com\/club-cursos\/wp-content\/uploads\/sites\/2\/2023\/03\/cropped-logo-infoautonomos.avif","width":230,"height":38,"caption":"Infoaut\u00f3nomos"},"image":{"@id":"https:\/\/www.infoautonomos.com\/club-cursos\/#\/schema\/logo\/image\/"}}]}},"_links":{"self":[{"href":"https:\/\/www.infoautonomos.com\/club-cursos\/wp-json\/wp\/v2\/pages\/12288","targetHints":{"allow":["GET"]}}],"collection":[{"href":"https:\/\/www.infoautonomos.com\/club-cursos\/wp-json\/wp\/v2\/pages"}],"about":[{"href":"https:\/\/www.infoautonomos.com\/club-cursos\/wp-json\/wp\/v2\/types\/page"}],"author":[{"embeddable":true,"href":"https:\/\/www.infoautonomos.com\/club-cursos\/wp-json\/wp\/v2\/users\/144"}],"replies":[{"embeddable":true,"href":"https:\/\/www.infoautonomos.com\/club-cursos\/wp-json\/wp\/v2\/comments?post=12288"}],"version-history":[{"count":1,"href":"https:\/\/www.infoautonomos.com\/club-cursos\/wp-json\/wp\/v2\/pages\/12288\/revisions"}],"predecessor-version":[{"id":12289,"href":"https:\/\/www.infoautonomos.com\/club-cursos\/wp-json\/wp\/v2\/pages\/12288\/revisions\/12289"}],"wp:attachment":[{"href":"https:\/\/www.infoautonomos.com\/club-cursos\/wp-json\/wp\/v2\/media?parent=12288"}],"curies":[{"name":"wp","href":"https:\/\/api.w.org\/{rel}","templated":true}]}}