{"id":3256,"date":"2023-06-05T11:13:17","date_gmt":"2023-06-05T09:13:17","guid":{"rendered":"https:\/\/www.infoautonomos.com\/portal\/?page_id=3256"},"modified":"2024-04-28T14:26:25","modified_gmt":"2024-04-28T12:26:25","slug":"mis-cursos","status":"publish","type":"page","link":"https:\/\/www.infoautonomos.com\/club-cursos\/mis-cursos\/","title":{"rendered":"Mis cursos"},"content":{"rendered":"\n\n<div class=\"gb-container gb-container-9cf2d9fa logueado\"><div class=\"gb-inside-container\">\n\n<\/div><\/div>\n\n<div class=\"gb-container gb-container-8515267f\"><div class=\"gb-inside-container\">\n<div class=\"wp-block-sensei-lms-learner-courses  has-sensei-accent-color  has-sensei-primary-color  has-sensei-progress-bar-height  has-sensei-progress-bar-border-radius  wp-block-sensei-lms-learner-courses--is-grid-view mis-cursos \" style=\"--sensei-accent-color: var(--global-color-3);\n--sensei-primary-color: var(--global-color-1);\n--sensei-progress-bar-height: 8px;\n--sensei-progress-bar-border-radius: 15px;\n\">\t\t<div id=\"my-courses\">\n\t\t\t\t\t\t<div class=\"col2-set\" id=\"customer_login\">\n\n\t\t\t\t<div class=\"col-1\">\n\t\t\t\t\t\n<h2>Acceder<\/h2>\n\n<form method=\"post\" name=\"sensi-login-form\" id=\"loginform\" class=\"login sensei\">\n\n\t\n\t<p class=\"sensei-login-username form-row form-row-wide\">\n\n\t\t\t\t<label for=\"sensei_user_login\">Usuario o correo electr\u00f3nico <\/label>\n\n\t\t\t\t<input type=\"text\" name=\"log\" id=\"sensei_user_login\" class=\"input input-text\" value=\"\" size=\"20\">\n\n\t<\/p>\n\n\t<p class=\"sensei-login-password form-row form-row-wide\">\n\n\t\t\t\t<label for=\"sensei_user_pass\"> Contrase\u00f1a  <\/label>\n\n\t\t\t\t<input type=\"password\" name=\"pwd\" id=\"sensei_user_pass\" class=\"input txt text input-text\" value=\"\" size=\"20\">\n\n\t<\/p>\n\n\t\n\t<p class='sensei-login-submit'>\n\n\t\t<input type=\"submit\" class=\"button wp-element-button\" name=\"login\" value=\"Acceder\" \/>\n\n\t\t<a href=\"https:\/\/www.infoautonomos.com\/club-cursos\/mi-cuenta\/contrasena-perdida\/\">\u00bfHas perdido tu contrase\u00f1a?<\/a>\n\n\t<\/p>\n\n\t<p class='remember_me' >\n\n\t\t<label for=\"rememberme\" class=\"inline\">\n\n\t\t\t<input name=\"rememberme\" type=\"checkbox\" id=\"rememberme\" value=\"forever\" \/> Recu\u00e9rdame\n\t\t<\/label>\n\n\t<\/p>\n\n\t\n\t<input type=\"hidden\" id=\"_wpnonce\" name=\"_wpnonce\" value=\"7e3485bba0\" \/><input type=\"hidden\" name=\"_wp_http_referer\" value=\"\/club-cursos\/wp-json\/wp\/v2\/pages\/3256\" \/>\n\t<input type=\"hidden\" name=\"redirect\" value=\"https:\/\/www.infoautonomos.com\/club-cursos\/wp-json\/wp\/v2\/pages\/3256\" \/>\n\n\t<input type=\"hidden\" name=\"form\" value=\"sensei-login\" \/>\n\n\t<div class=\"clear\"><\/div>\n\n<\/form>\n\n\t\t\t\t<\/div>\n\n\t\t\t\t\t\t<\/div>\n\t\t<\/div>\n\n\t\t<\/div>\n<\/div><\/div>","protected":false},"excerpt":{"rendered":"","protected":false},"author":2,"featured_media":0,"parent":0,"menu_order":0,"comment_status":"closed","ping_status":"closed","template":"","meta":{"_joinchat":[],"footnotes":""},"class_list":{"0":"post-3256","1":"page","2":"type-page","3":"status-publish","5":"infinite-scroll-item"},"yoast_head":"<!-- This site is optimized with the Yoast SEO Premium plugin  - https:\/\/yoast.com\/product\/yoast-seo-premium-wordpress\/ -->\n<title>Mis cursos - Club Cursos Infoaut\u00f3nomos<\/title>\n<meta name=\"robots\" content=\"index, follow, max-snippet:-1, max-image-preview:large, max-video-preview:-1\" \/>\n<link rel=\"canonical\" href=\"https:\/\/www.infoautonomos.com\/club-cursos\/mis-cursos\/\" \/>\n<meta property=\"og:locale\" content=\"es_ES\" \/>\n<meta property=\"og:type\" content=\"article\" \/>\n<meta property=\"og:title\" content=\"Mis cursos\" \/>\n<meta property=\"og:url\" content=\"https:\/\/www.infoautonomos.com\/club-cursos\/mis-cursos\/\" \/>\n<meta property=\"og:site_name\" content=\"Club Cursos Infoaut\u00f3nomos\" \/>\n<meta property=\"article:modified_time\" content=\"2024-04-28T12:26:25+00:00\" \/>\n<meta name=\"twitter:card\" content=\"summary_large_image\" \/>\n<meta name=\"twitter:label1\" content=\"Tiempo de lectura\" \/>\n\t<meta name=\"twitter:data1\" content=\"1 minuto\" \/>\n<script type=\"application\/ld+json\" class=\"yoast-schema-graph\">{\"@context\":\"https:\\\/\\\/schema.org\",\"@graph\":[{\"@type\":\"WebPage\",\"@id\":\"https:\\\/\\\/www.infoautonomos.com\\\/club-cursos\\\/mis-cursos\\\/\",\"url\":\"https:\\\/\\\/www.infoautonomos.com\\\/club-cursos\\\/mis-cursos\\\/\",\"name\":\"Mis cursos - Club Cursos Infoaut\u00f3nomos\",\"isPartOf\":{\"@id\":\"https:\\\/\\\/www.infoautonomos.com\\\/club-cursos\\\/#website\"},\"datePublished\":\"2023-06-05T09:13:17+00:00\",\"dateModified\":\"2024-04-28T12:26:25+00:00\",\"breadcrumb\":{\"@id\":\"https:\\\/\\\/www.infoautonomos.com\\\/club-cursos\\\/mis-cursos\\\/#breadcrumb\"},\"inLanguage\":\"es\",\"potentialAction\":[{\"@type\":\"ReadAction\",\"target\":[\"https:\\\/\\\/www.infoautonomos.com\\\/club-cursos\\\/mis-cursos\\\/\"]}]},{\"@type\":\"BreadcrumbList\",\"@id\":\"https:\\\/\\\/www.infoautonomos.com\\\/club-cursos\\\/mis-cursos\\\/#breadcrumb\",\"itemListElement\":[{\"@type\":\"ListItem\",\"position\":1,\"name\":\"Portada\",\"item\":\"https:\\\/\\\/www.infoautonomos.com\\\/club-cursos\"},{\"@type\":\"ListItem\",\"position\":2,\"name\":\"Mis cursos\"}]},{\"@type\":\"WebSite\",\"@id\":\"https:\\\/\\\/www.infoautonomos.com\\\/club-cursos\\\/#website\",\"url\":\"https:\\\/\\\/www.infoautonomos.com\\\/club-cursos\\\/\",\"name\":\"Club Cursos Infoaut\u00f3nomos\",\"description\":\"Portal de Recursos, Formaci\u00f3n de Aut\u00f3nomos\",\"publisher\":{\"@id\":\"https:\\\/\\\/www.infoautonomos.com\\\/club-cursos\\\/#organization\"},\"potentialAction\":[{\"@type\":\"SearchAction\",\"target\":{\"@type\":\"EntryPoint\",\"urlTemplate\":\"https:\\\/\\\/www.infoautonomos.com\\\/club-cursos\\\/?s={search_term_string}\"},\"query-input\":{\"@type\":\"PropertyValueSpecification\",\"valueRequired\":true,\"valueName\":\"search_term_string\"}}],\"inLanguage\":\"es\"},{\"@type\":\"Organization\",\"@id\":\"https:\\\/\\\/www.infoautonomos.com\\\/club-cursos\\\/#organization\",\"name\":\"Infoaut\u00f3nomos\",\"alternateName\":\"Portal de Noticias, informaci\u00f3n y Formaci\u00f3n para Aut\u00f3nomos\",\"url\":\"https:\\\/\\\/www.infoautonomos.com\\\/club-cursos\\\/\",\"logo\":{\"@type\":\"ImageObject\",\"inLanguage\":\"es\",\"@id\":\"https:\\\/\\\/www.infoautonomos.com\\\/club-cursos\\\/#\\\/schema\\\/logo\\\/image\\\/\",\"url\":\"https:\\\/\\\/www.infoautonomos.com\\\/club-cursos\\\/wp-content\\\/uploads\\\/sites\\\/2\\\/2023\\\/03\\\/cropped-logo-infoautonomos.avif\",\"contentUrl\":\"https:\\\/\\\/www.infoautonomos.com\\\/club-cursos\\\/wp-content\\\/uploads\\\/sites\\\/2\\\/2023\\\/03\\\/cropped-logo-infoautonomos.avif\",\"width\":230,\"height\":38,\"caption\":\"Infoaut\u00f3nomos\"},\"image\":{\"@id\":\"https:\\\/\\\/www.infoautonomos.com\\\/club-cursos\\\/#\\\/schema\\\/logo\\\/image\\\/\"}}]}<\/script>\n<!-- \/ Yoast SEO Premium plugin. -->","yoast_head_json":{"title":"Mis cursos - Club Cursos Infoaut\u00f3nomos","robots":{"index":"index","follow":"follow","max-snippet":"max-snippet:-1","max-image-preview":"max-image-preview:large","max-video-preview":"max-video-preview:-1"},"canonical":"https:\/\/www.infoautonomos.com\/club-cursos\/mis-cursos\/","og_locale":"es_ES","og_type":"article","og_title":"Mis cursos","og_url":"https:\/\/www.infoautonomos.com\/club-cursos\/mis-cursos\/","og_site_name":"Club Cursos Infoaut\u00f3nomos","article_modified_time":"2024-04-28T12:26:25+00:00","twitter_card":"summary_large_image","twitter_misc":{"Tiempo de lectura":"1 minuto"},"schema":{"@context":"https:\/\/schema.org","@graph":[{"@type":"WebPage","@id":"https:\/\/www.infoautonomos.com\/club-cursos\/mis-cursos\/","url":"https:\/\/www.infoautonomos.com\/club-cursos\/mis-cursos\/","name":"Mis cursos - Club Cursos Infoaut\u00f3nomos","isPartOf":{"@id":"https:\/\/www.infoautonomos.com\/club-cursos\/#website"},"datePublished":"2023-06-05T09:13:17+00:00","dateModified":"2024-04-28T12:26:25+00:00","breadcrumb":{"@id":"https:\/\/www.infoautonomos.com\/club-cursos\/mis-cursos\/#breadcrumb"},"inLanguage":"es","potentialAction":[{"@type":"ReadAction","target":["https:\/\/www.infoautonomos.com\/club-cursos\/mis-cursos\/"]}]},{"@type":"BreadcrumbList","@id":"https:\/\/www.infoautonomos.com\/club-cursos\/mis-cursos\/#breadcrumb","itemListElement":[{"@type":"ListItem","position":1,"name":"Portada","item":"https:\/\/www.infoautonomos.com\/club-cursos"},{"@type":"ListItem","position":2,"name":"Mis cursos"}]},{"@type":"WebSite","@id":"https:\/\/www.infoautonomos.com\/club-cursos\/#website","url":"https:\/\/www.infoautonomos.com\/club-cursos\/","name":"Club Cursos Infoaut\u00f3nomos","description":"Portal de Recursos, Formaci\u00f3n de Aut\u00f3nomos","publisher":{"@id":"https:\/\/www.infoautonomos.com\/club-cursos\/#organization"},"potentialAction":[{"@type":"SearchAction","target":{"@type":"EntryPoint","urlTemplate":"https:\/\/www.infoautonomos.com\/club-cursos\/?s={search_term_string}"},"query-input":{"@type":"PropertyValueSpecification","valueRequired":true,"valueName":"search_term_string"}}],"inLanguage":"es"},{"@type":"Organization","@id":"https:\/\/www.infoautonomos.com\/club-cursos\/#organization","name":"Infoaut\u00f3nomos","alternateName":"Portal de Noticias, informaci\u00f3n y Formaci\u00f3n para Aut\u00f3nomos","url":"https:\/\/www.infoautonomos.com\/club-cursos\/","logo":{"@type":"ImageObject","inLanguage":"es","@id":"https:\/\/www.infoautonomos.com\/club-cursos\/#\/schema\/logo\/image\/","url":"https:\/\/www.infoautonomos.com\/club-cursos\/wp-content\/uploads\/sites\/2\/2023\/03\/cropped-logo-infoautonomos.avif","contentUrl":"https:\/\/www.infoautonomos.com\/club-cursos\/wp-content\/uploads\/sites\/2\/2023\/03\/cropped-logo-infoautonomos.avif","width":230,"height":38,"caption":"Infoaut\u00f3nomos"},"image":{"@id":"https:\/\/www.infoautonomos.com\/club-cursos\/#\/schema\/logo\/image\/"}}]}},"_links":{"self":[{"href":"https:\/\/www.infoautonomos.com\/club-cursos\/wp-json\/wp\/v2\/pages\/3256","targetHints":{"allow":["GET"]}}],"collection":[{"href":"https:\/\/www.infoautonomos.com\/club-cursos\/wp-json\/wp\/v2\/pages"}],"about":[{"href":"https:\/\/www.infoautonomos.com\/club-cursos\/wp-json\/wp\/v2\/types\/page"}],"author":[{"embeddable":true,"href":"https:\/\/www.infoautonomos.com\/club-cursos\/wp-json\/wp\/v2\/users\/2"}],"replies":[{"embeddable":true,"href":"https:\/\/www.infoautonomos.com\/club-cursos\/wp-json\/wp\/v2\/comments?post=3256"}],"version-history":[{"count":4,"href":"https:\/\/www.infoautonomos.com\/club-cursos\/wp-json\/wp\/v2\/pages\/3256\/revisions"}],"predecessor-version":[{"id":9074,"href":"https:\/\/www.infoautonomos.com\/club-cursos\/wp-json\/wp\/v2\/pages\/3256\/revisions\/9074"}],"wp:attachment":[{"href":"https:\/\/www.infoautonomos.com\/club-cursos\/wp-json\/wp\/v2\/media?parent=3256"}],"curies":[{"name":"wp","href":"https:\/\/api.w.org\/{rel}","templated":true}]}}