{"id":9,"date":"2024-04-30T12:43:29","date_gmt":"2024-04-30T10:43:29","guid":{"rendered":"https:\/\/www.infoautonomos.com\/portal\/?page_id=9"},"modified":"2026-03-03T14:57:53","modified_gmt":"2026-03-03T13:57:53","slug":"terminos-y-condiciones-de-compra","status":"publish","type":"page","link":"https:\/\/www.infoautonomos.com\/club-cursos\/terminos-y-condiciones-de-compra","title":{"rendered":"T\u00e9rminos y condiciones de compra"},"content":{"rendered":"\n<h1 class=\"wp-block-heading has-global-button-text-color has-text-color has-link-color wp-elements-f314d63859ed060a68ba66d49562b64c\" id=\"h-condiciones-generales-de-uso-y-contratacion-club-infoautonomos\"><strong>CONDICIONES GENERALES DE USO Y CONTRATACI\u00d3N CLUB INFOAUT\u00d3NOMOS<\/strong><\/h1>\n\n\n\n<p class=\"has-global-color-1-color has-text-color has-link-color wp-elements-04f004377e240b0fdea5af8691e8c330\">Condiciones generales de uso y contrataci\u00f3n de la suscripci\u00f3n al Club Infoaut\u00f3nomos<\/p>\n\n\n\n<p><strong>1. Informaci\u00f3n general:<\/strong><\/p>\n\n\n\n<p>Todas las suscripciones que se realicen en nuestro sitio web https:\/\/infoautonomos.com (a partir de ahora Infoaut\u00f3nomos) por parte del usuario (a partir de ahora \u201cel Usuario\u201d) estar\u00e1n sujetas a las Condiciones generales de contrataci\u00f3n de los servicios de suscripci\u00f3n Club Infoaut\u00f3nomos en la Web expuestas en el presente documento.<br>La suscripci\u00f3n por parte del Usuario implica su acuerdo y aceptaci\u00f3n de las presentes Condiciones generales de contrataci\u00f3n de los servicios de suscripci\u00f3n en la web de Infoaut\u00f3nomos. Ninguna estipulaci\u00f3n efectuada por el Usuario sobre las presentes condiciones, podr\u00e1 diferir de las establecidas por Infoaut\u00f3nomos Pymes S.L. Toda la informaci\u00f3n que figura en las p\u00e1ginas de Infoaut\u00f3nomos referentes a los servicios, productos, sus caracter\u00edsticas, sus precios, sus condiciones de suscripci\u00f3n incluyendo sus formas y condiciones y pago podr\u00e1n ser modificadas por Infoaut\u00f3nomos Pymes, S.L. en cualquier momento y sin previo aviso, con el objeto de tener informado puntualmente al Usuario de dichos cambios. Es responsabilidad del Usuario leerlas peri\u00f3dicamente para mantenerse informado. El usuario estar\u00e1 sujeto a las Condiciones vigentes en el momento que se use la web de Infoaut\u00f3nomos.<br>Algunos aspectos de las actuales Condiciones generales de uso y contrataci\u00f3n podr\u00e1n ser variados por convenio especial entre el Usuario e Infoaut\u00f3nomos Pymes, S.L. siempre con el consentimiento expreso de Infoaut\u00f3nomos Pymes S.L.<br>Las presentes Condiciones generales de contrataci\u00f3n de los servicios de suscripci\u00f3n en la Web de Infoaut\u00f3nomos al Club sustituyen a cualquier acuerdo, pacto o promesa verbal o por escrito existente entre el Usuario e Infoaut\u00f3nomos Pymes S.L. anteriormente convenidas entre las partes y as\u00ed lo reconocen.<br>Se entender\u00e1 que el Usuario ha le\u00eddo, entiende y acepta libremente las presentes Condiciones generales de contrataci\u00f3n de los servicios de suscripci\u00f3n al Club Infoaut\u00f3nomos cuando efectu\u00e9 su suscripci\u00f3n a trav\u00e9s de los formularios de suscripci\u00f3n existentes en la p\u00e1gina Web de Infoaut\u00f3nomos Pymes S.L. aceptando (marcando) la casilla dispuesta a tal efecto.<br>Infoaut\u00f3nomos se reservar\u00e1 siempre el derecho de aceptar o denegar a su propio criterio cualquier solicitud de suscripci\u00f3n y renovaci\u00f3n.<br>El Usuario afirma que tanto los datos propios como los de pagos proporcionados a Infoaut\u00f3nomos son reales y fidedignos. En caso de que Infoaut\u00f3nomos comprobara que alguno o la totalidad de dichos datos son falsos, la suscripci\u00f3n ser\u00e1 autom\u00e1ticamente anulada y el Usuario no podr\u00e1 reclamar devoluci\u00f3n alguna.<br>En el caso de que el Usuario proporcione datos de una tercera persona o entidad al efectuar la suscripci\u00f3n, el Usuario ser\u00e1 el \u00fanico responsable de que dicha tercera persona o entidad conozca y acepte expresamente tal situaci\u00f3n. Toda la responsabilidad de los da\u00f1os y perjuicios que pudieran derivarse por este hecho recaer\u00e1n totalmente sobre el Usuario, excluyendo a Infoaut\u00f3nomos 2009, S.L. de cualquier responsabilidad.<\/p>\n\n\n\n<p><strong>2. Nuestros datos:<\/strong><\/p>\n\n\n\n<p>Infoaut\u00f3nomos Pymes, S.L, sociedad espa\u00f1ola con domicilio en Parque Tecnol\u00f3gico de Ciencias de la Salud, Oficina B.206, Avenida del Conocimiento, n\u00ba41, 18016, Granada.<br>CIF B70620943.<br>Datos de contacto: Tel\u00e9fono: 958 089 488. E-mail: marketing@infoautonomos.com<\/p>\n\n\n\n<p><strong>3. Uso de nuestro sitio web:<\/strong><\/p>\n\n\n\n<p>Salvo error tipogr\u00e1fico u omisi\u00f3n, las caracter\u00edsticas, as\u00ed como los precios de los servicios de la suscripci\u00f3n aparecen perfectamente reflejados en las distintas p\u00e1ginas de la web que conforman el sitio de Infoaut\u00f3nomos (https:\/\/infoautonomos.com)<br>La cuant\u00eda de los servicios, as\u00ed como cualquiera de sus caracter\u00edsticas podr\u00e1 ser objeto de revisi\u00f3n por parte de Infoaut\u00f3nomos en cualquier momento sin tener \u00e9ste obligaci\u00f3n alguna de notificar tales modificaciones al Usuario por otro medio que no sea la exposici\u00f3n de dichos cambios en sus p\u00e1ginas Web. Por otro lado, salvo por correcci\u00f3n de errores tipogr\u00e1ficos, una vez efectuada la suscripci\u00f3n al Club Priority, Infoaut\u00f3nomos se comprometer\u00e1 a mantener el precio vigente al Usuario en el momento que efectu\u00f3 la suscripci\u00f3n.<br>Infoaut\u00f3nomos ofrece, mediante suscripci\u00f3n en su web, un servicio online principal de informaci\u00f3n y soporte al emprendimiento y a las gestiones propias de un negocio empresarial a trav\u00e9s de recursos y utilidades presentados en diversos formatos y consumibles tanto v\u00eda online como mediante descarga.<\/p>\n\n\n\n<p><strong>4. Acceso: <\/strong>La suscripci\u00f3n gratuita se inicia en cuanto se completa el formulario de registro, mientras que la contrataci\u00f3n del plan de pago (Club Priority) se inicia desde que se produce el pago con tarjeta. El servicio se cobra por periodo anual de forma adelantada y no es reembolsable.<br>El pago del Club Priority se realiza mediante tarjeta de cr\u00e9dito<br>El usuario es responsable de la cancelaci\u00f3n de su cuenta. Puede cancelar su cuenta en cualquier momento.<br>Con la suscripci\u00f3n gratuita el usuario podr\u00e1 acceder a un n\u00famero de recursos y\/o utilidades limitado, cuya descarga se muestra como gratuita en la web.<br>Con la suscripci\u00f3n de pago al Club Priority el usuario podr\u00e1 acceder a todos los recursos disponibles en la web: plantillas, gu\u00edas, webinars, cursos, \u2026<br>Para hacer la suscripci\u00f3n en la web el Usuario tiene que aportar datos personales (nombre, e-mail, tel\u00e9fono, \u2026 y responder preguntas sobre el perfil de suscriptor que es) rellenando el formulario para tal efecto.<\/p>\n\n\n\n<p><strong>5. Impuestos:<\/strong><strong><br><\/strong>Los precios que Infoaut\u00f3nomos muestra incluyen los impuestos. El IVA (Impuesto sobre el Valor A\u00f1adido), ser\u00e1 de aplicaci\u00f3n \u00fanicamente a los Usuarios cuya residencia actual est\u00e9 situado dentro de las zonas de aplicaci\u00f3n espec\u00edficas para este impuesto y cuando la situaci\u00f3n del Usuario as\u00ed lo requiera, respetando, en cualquier caso, las leyes espa\u00f1olas y europeas referentes al mismo. El tipo de IVA aplicable ser\u00e1 el legalmente vigente en el momento de efectuar la compra de la suscripci\u00f3n Priority.<\/p>\n\n\n\n<p><strong>6. Pagos:<\/strong><strong><br><\/strong>El Usuario, es el responsable del pago de la factura aun cuando un tercero intervenga en nombre del Usuario, por lo que la responsilidad de facilitar los datos de autentificaci\u00f3n, acceso o identificaci\u00f3n a un tercero es \u00fanica y exclusivamente del Usuario.<br>Infoaut\u00f3nomos emitir\u00e1 la factura correspondiente a la suscripci\u00f3n y ser\u00e1 remitida al Usuario por v\u00eda e-mail.<br>6.1. Forma de Pago:<br>El pago se realizar\u00e1 mediante tarjeta de cr\u00e9dito. Y siempre se efectuar\u00e1 en euros y libre de comisiones y gastos. Pago mediante cargo en Tarjeta de Cr\u00e9dito (Autorizada por la entidad): Esta es la forma de pago por tarjeta habitual en Internet. En este tipo de pago, la operaci\u00f3n es autorizada por la entidad emisora de la tarjeta del Usuario mediante conexi\u00f3n a trav\u00e9s de la pasarela de pago (TPV virtual) del banco de Infoaut\u00f3nomos Pymes S.L.<br>El Usuario acceder\u00e1 a un entorno controlado en el que proporcionar\u00e1 directamente a dicha entidad los datos de su tarjeta el cual le conectar\u00e1 con su banco\/caja para autorizar la operaci\u00f3n. De esta forma el pago se efectuar\u00e1 de manera directa, leg\u00edtima y segura manteniendo la privacidad de la informaci\u00f3n de la tarjeta en todo momento.<br>El fraude con tarjeta de cr\u00e9dito es delito, e Infoaut\u00f3nomos entablar\u00e1 acci\u00f3n judicial contra todo aquel que realice o intente realizar una transacci\u00f3n fraudulenta o estafa.<br>La suscripci\u00f3n al Club Priority Infoaut\u00f3nomos tiene un precio de 60,00 \u20ac (IVA incluido), se hace un pago \u00fanico para acceder a los servicios incluidos. La suscripci\u00f3n es v\u00e1lida para un a\u00f1o, periodo durante el que el Usuario podr\u00e1 acceder a todos los recursos disponibles. El Usuario dar\u00e1 sus datos de pago y de facturaci\u00f3n entrando en la pasarela de pago y efectu\u00e1ndose un pago de 60 \u20ac para acceder. En el momento del registro, el Usuario facilitar\u00e1 un nombre de usuario y direcci\u00f3n de correo electr\u00f3nico, as\u00ed como una contrase\u00f1a que en lo sucesivo ser\u00e1 la informaci\u00f3n de \u201cInicio de sesi\u00f3n\u201d.<\/p>\n\n\n\n<p><strong>7. Renovaci\u00f3n anual:<\/strong><strong><br><\/strong>La renovaci\u00f3n de la suscripci\u00f3n es anual y se har\u00e1 de forma autom\u00e1tica para un a\u00f1o m\u00e1s, una vez transcurrido un a\u00f1o exacto desde el momento del cobro del servicio.<br>El Usuario puede cancelar la renovaci\u00f3n de su suscripci\u00f3n para el siguiente a\u00f1o en cualquier momento sin perjuicio de su derecho de acceso y consumo de todos los servicios que incluye la suscripci\u00f3n de un a\u00f1o de duraci\u00f3n desde el momento del pago. La cancelaci\u00f3n la realizar\u00e1 desde el panel de control de usuario, desde le men\u00fa \u201cMis suscripciones\u201d.<br>Si el Usuario no cancela su suscripci\u00f3n se carga autom\u00e1ticamente en su tarjeta el importe de 60,00 \u20ac (IVA incluido) de renovaci\u00f3n anual.<\/p>\n\n\n\n<p><strong>8. Pol\u00edtica de Devoluci\u00f3n:<\/strong><strong><br><\/strong>Infoaut\u00f3nomos Pymes S.L. no realiza reembolsos de pagos o cargos realizados para la adquisici\u00f3n de los derechos de consumo y acceso a los servicios correspondientes a la suscripci\u00f3n al Club Infoaut\u00f3nomos, ya sea hecho el pago a trav\u00e9s de la confirmaci\u00f3n manual del pago o a trav\u00e9s del cobro autom\u00e1tico por fin natural del periodo de prueba o por renovaci\u00f3n autom\u00e1tica de la suscripci\u00f3n despu\u00e9s de un a\u00f1o.<\/p>\n\n\n\n<p><strong>9. Responsabilidades:<\/strong><strong><br><\/strong>Infoaut\u00f3nomos Pymes S.L. no es responsable de aquello que le sea exclusivamente imputable al Usuario.<br>Con la aceptaci\u00f3n de las presentes Condiciones generales de contrataci\u00f3n de los servicios de suscripci\u00f3n al Club Infoaut\u00f3nomos el Usuario renuncia expresamente a reclamar cualquier responsabilidad, contractual o extracontractual, da\u00f1os y perjuicios a Infoaut\u00f3nomos Pymes S.L. por posibles problemas.<br>Infoaut\u00f3nomos no acepta responsabilidades derivadas por no cumplir el servicio las expectativas del Usuario o cualquier otro perjuicio al Usuario o a terceros.<br>El uso que el Usuario haga de los servicios, plantillas y dem\u00e1s utilidades es responsabilidad exclusiva del Usuario, de tal manera que Infoaut\u00f3nomos Pymes S.L. no se hace responsable de ninguna manera (ni directa ni subsidiaria) de cualquier da\u00f1o directo o indirecto, que el Usuario pudiera ocasionar as\u00ed mismo o a terceros por tal uso.<br>Comunicaciones:<br>El Usuario se obliga a mantener siempre operativa, activa y actualizada la direcci\u00f3n de e-mail como el resto de los datos suministrados en el formulario de suscripci\u00f3n para las comunicaciones fluidas con Infoaut\u00f3nomos Pymes, S.L.<br>Si el Usuario deseara cambiar alguno de los datos proporcionados deber\u00e1 hacerlo a trav\u00e9s de comunicaci\u00f3n por e-mail marketing@infoautonomos.com, cumpliendo los requisitos de seguridad exigidos por Infoaut\u00f3nomos Pymes S.L. para poder verificar la legitimidad de la solicitud.<br>Sobre el Usuario recaer\u00e1 toda responsabilidad por las consecuencias que la falta de operatividad de su direcci\u00f3n de e-mail o que la ausencia de comunicaci\u00f3n para la actualizaci\u00f3n de dicho dato en nuestros registros pudiera producir.<br>Con referencia al nombre de Usuario y contrase\u00f1a registrados por Usuario en el momento de suscripci\u00f3n al Club Infoaut\u00f3nomos, \u00e9ste ser\u00e1 el \u00fanico responsable de su utilizaci\u00f3n, protecci\u00f3n y mantenimiento de su confidencialidad. El uso de estos identificadores y la comunicaci\u00f3n de estos a terceras personas se producir\u00e1 bajo la \u00fanica responsabilidad del Usuario, siendo este \u00faltimo el responsable final del uso del servicio suscrito.<\/p>\n\n\n\n<p>El usuario puede compartir comentarios y sugerencias con Infoaut\u00f3nomos a trav\u00e9s del siguiente correo electr\u00f3nico marketing@infoautonomos.com. Cualquier comentario y\/o sugerencia ser\u00e1 atendido en el plazo m\u00e1s breve posible.<\/p>\n\n\n\n<p><strong>10. Informaci\u00f3n Legal:<\/strong><strong><br><\/strong>El Usuario declara ser mayor de 18 a\u00f1os de edad.<br>En lo previsto en este documento, as\u00ed como en la interpretaci\u00f3n y resoluci\u00f3n de los conflictos que pudieran surgir entre las partes como consecuencia de este, ser\u00e1 de aplicaci\u00f3n la legislaci\u00f3n espa\u00f1ola.<br>Si llegara a surgir alg\u00fan conflicto o diferencia entre las partes, Usuario e Infoaut\u00f3nomos Pymes S.L. en la interpretaci\u00f3n y ejecuci\u00f3n de este documento y\/o con el uso de la p\u00e1gina web, y no se resolviera de mutuo acuerdo, el mismo ser\u00e1 resuelto a instancia de cualquiera de las partes y tras la comunicaci\u00f3n por escrito a la otra, mediante arbitraje.<br>Todo lo anterior se entender\u00e1 sin perjuicio de que las partes puedan someterse a un procedimiento judicial, en tal caso se har\u00e1 ante la jurisdicci\u00f3n y competencia de los Juzgados y Tribunales no exclusivos espa\u00f1oles, que el Usuario o Infoaut\u00f3nomos Pymes S.L. elijan.<\/p>\n\n\n\n<p><strong>11. Propiedad intelectual<\/strong><\/p>\n\n\n\n<p class=\"has-global-color-1-color has-text-color has-link-color wp-elements-40c039941736a8a426b6a2d5114671a0\">El Usuario reconoce y consiente que el copyright, autor\u00eda y dem\u00e1s derechos de propiedad industrial e intelectual sobre los contenidos que se aportan como parte de la suscripci\u00f3n al Club Infoaut\u00f3nomos corresponden en todo momento a Infoaut\u00f3nomos o a quienes han otorgado licencia para su uso a Infoaut\u00f3nomos. El Usuario podr\u00e1 hacer uso de dicho material \u00fanicamente en la forma en que se lo autorice Infoaut\u00f3nomos.<\/p>\n\n\n\n<p><\/p>\n","protected":false},"excerpt":{"rendered":"<p> &#8230; <a title=\"T\u00e9rminos y condiciones de compra\" class=\"read-more\" href=\"https:\/\/www.infoautonomos.com\/club-cursos\/terminos-y-condiciones-de-compra\" aria-label=\"Leer m\u00e1s sobre T\u00e9rminos y condiciones de compra\">Leer m\u00e1s<\/a><\/p>\n","protected":false},"author":1,"featured_media":0,"parent":0,"menu_order":0,"comment_status":"closed","ping_status":"closed","template":"","meta":{"_joinchat":[],"footnotes":""},"class_list":{"0":"post-9","1":"page","2":"type-page","3":"status-publish","5":"infinite-scroll-item"},"yoast_head":"<!-- This site is optimized with the Yoast SEO Premium plugin  - https:\/\/yoast.com\/product\/yoast-seo-premium-wordpress\/ -->\n<title>T\u00e9rminos y condiciones de compra - Club Cursos Infoaut\u00f3nomos<\/title>\n<meta name=\"robots\" content=\"index, follow, max-snippet:-1, max-image-preview:large, max-video-preview:-1\" \/>\n<link rel=\"canonical\" href=\"https:\/\/www.infoautonomos.com\/club-cursos\/terminos-y-condiciones-de-compra\/\" \/>\n<meta property=\"og:locale\" content=\"es_ES\" \/>\n<meta property=\"og:type\" content=\"article\" \/>\n<meta property=\"og:title\" content=\"T\u00e9rminos y condiciones de compra\" \/>\n<meta property=\"og:description\" content=\"... Leer m\u00e1s\" \/>\n<meta property=\"og:url\" content=\"https:\/\/www.infoautonomos.com\/club-cursos\/terminos-y-condiciones-de-compra\/\" \/>\n<meta property=\"og:site_name\" content=\"Club Cursos Infoaut\u00f3nomos\" \/>\n<meta property=\"article:modified_time\" content=\"2026-03-03T13:57:53+00:00\" \/>\n<meta name=\"twitter:card\" content=\"summary_large_image\" \/>\n<meta name=\"twitter:label1\" content=\"Tiempo de lectura\" \/>\n\t<meta name=\"twitter:data1\" content=\"10 minutos\" \/>\n<script type=\"application\/ld+json\" class=\"yoast-schema-graph\">{\"@context\":\"https:\\\/\\\/schema.org\",\"@graph\":[{\"@type\":\"WebPage\",\"@id\":\"https:\\\/\\\/www.infoautonomos.com\\\/club-cursos\\\/terminos-y-condiciones-de-compra\\\/\",\"url\":\"https:\\\/\\\/www.infoautonomos.com\\\/club-cursos\\\/terminos-y-condiciones-de-compra\\\/\",\"name\":\"T\u00e9rminos y condiciones de compra - Club Cursos Infoaut\u00f3nomos\",\"isPartOf\":{\"@id\":\"https:\\\/\\\/www.infoautonomos.com\\\/club-cursos\\\/#website\"},\"datePublished\":\"2024-04-30T10:43:29+00:00\",\"dateModified\":\"2026-03-03T13:57:53+00:00\",\"breadcrumb\":{\"@id\":\"https:\\\/\\\/www.infoautonomos.com\\\/club-cursos\\\/terminos-y-condiciones-de-compra\\\/#breadcrumb\"},\"inLanguage\":\"es\",\"potentialAction\":[{\"@type\":\"ReadAction\",\"target\":[\"https:\\\/\\\/www.infoautonomos.com\\\/club-cursos\\\/terminos-y-condiciones-de-compra\\\/\"]}]},{\"@type\":\"BreadcrumbList\",\"@id\":\"https:\\\/\\\/www.infoautonomos.com\\\/club-cursos\\\/terminos-y-condiciones-de-compra\\\/#breadcrumb\",\"itemListElement\":[{\"@type\":\"ListItem\",\"position\":1,\"name\":\"Portada\",\"item\":\"https:\\\/\\\/www.infoautonomos.com\\\/club-cursos\"},{\"@type\":\"ListItem\",\"position\":2,\"name\":\"T\u00e9rminos y condiciones de compra\"}]},{\"@type\":\"WebSite\",\"@id\":\"https:\\\/\\\/www.infoautonomos.com\\\/club-cursos\\\/#website\",\"url\":\"https:\\\/\\\/www.infoautonomos.com\\\/club-cursos\\\/\",\"name\":\"Club Cursos Infoaut\u00f3nomos\",\"description\":\"Portal de Recursos, Formaci\u00f3n de Aut\u00f3nomos\",\"publisher\":{\"@id\":\"https:\\\/\\\/www.infoautonomos.com\\\/club-cursos\\\/#organization\"},\"potentialAction\":[{\"@type\":\"SearchAction\",\"target\":{\"@type\":\"EntryPoint\",\"urlTemplate\":\"https:\\\/\\\/www.infoautonomos.com\\\/club-cursos\\\/?s={search_term_string}\"},\"query-input\":{\"@type\":\"PropertyValueSpecification\",\"valueRequired\":true,\"valueName\":\"search_term_string\"}}],\"inLanguage\":\"es\"},{\"@type\":\"Organization\",\"@id\":\"https:\\\/\\\/www.infoautonomos.com\\\/club-cursos\\\/#organization\",\"name\":\"Infoaut\u00f3nomos\",\"alternateName\":\"Portal de Noticias, informaci\u00f3n y Formaci\u00f3n para Aut\u00f3nomos\",\"url\":\"https:\\\/\\\/www.infoautonomos.com\\\/club-cursos\\\/\",\"logo\":{\"@type\":\"ImageObject\",\"inLanguage\":\"es\",\"@id\":\"https:\\\/\\\/www.infoautonomos.com\\\/club-cursos\\\/#\\\/schema\\\/logo\\\/image\\\/\",\"url\":\"https:\\\/\\\/www.infoautonomos.com\\\/club-cursos\\\/wp-content\\\/uploads\\\/sites\\\/2\\\/2023\\\/03\\\/cropped-logo-infoautonomos.avif\",\"contentUrl\":\"https:\\\/\\\/www.infoautonomos.com\\\/club-cursos\\\/wp-content\\\/uploads\\\/sites\\\/2\\\/2023\\\/03\\\/cropped-logo-infoautonomos.avif\",\"width\":230,\"height\":38,\"caption\":\"Infoaut\u00f3nomos\"},\"image\":{\"@id\":\"https:\\\/\\\/www.infoautonomos.com\\\/club-cursos\\\/#\\\/schema\\\/logo\\\/image\\\/\"}}]}<\/script>\n<!-- \/ Yoast SEO Premium plugin. -->","yoast_head_json":{"title":"T\u00e9rminos y condiciones de compra - Club Cursos Infoaut\u00f3nomos","robots":{"index":"index","follow":"follow","max-snippet":"max-snippet:-1","max-image-preview":"max-image-preview:large","max-video-preview":"max-video-preview:-1"},"canonical":"https:\/\/www.infoautonomos.com\/club-cursos\/terminos-y-condiciones-de-compra\/","og_locale":"es_ES","og_type":"article","og_title":"T\u00e9rminos y condiciones de compra","og_description":"... Leer m\u00e1s","og_url":"https:\/\/www.infoautonomos.com\/club-cursos\/terminos-y-condiciones-de-compra\/","og_site_name":"Club Cursos Infoaut\u00f3nomos","article_modified_time":"2026-03-03T13:57:53+00:00","twitter_card":"summary_large_image","twitter_misc":{"Tiempo de lectura":"10 minutos"},"schema":{"@context":"https:\/\/schema.org","@graph":[{"@type":"WebPage","@id":"https:\/\/www.infoautonomos.com\/club-cursos\/terminos-y-condiciones-de-compra\/","url":"https:\/\/www.infoautonomos.com\/club-cursos\/terminos-y-condiciones-de-compra\/","name":"T\u00e9rminos y condiciones de compra - Club Cursos Infoaut\u00f3nomos","isPartOf":{"@id":"https:\/\/www.infoautonomos.com\/club-cursos\/#website"},"datePublished":"2024-04-30T10:43:29+00:00","dateModified":"2026-03-03T13:57:53+00:00","breadcrumb":{"@id":"https:\/\/www.infoautonomos.com\/club-cursos\/terminos-y-condiciones-de-compra\/#breadcrumb"},"inLanguage":"es","potentialAction":[{"@type":"ReadAction","target":["https:\/\/www.infoautonomos.com\/club-cursos\/terminos-y-condiciones-de-compra\/"]}]},{"@type":"BreadcrumbList","@id":"https:\/\/www.infoautonomos.com\/club-cursos\/terminos-y-condiciones-de-compra\/#breadcrumb","itemListElement":[{"@type":"ListItem","position":1,"name":"Portada","item":"https:\/\/www.infoautonomos.com\/club-cursos"},{"@type":"ListItem","position":2,"name":"T\u00e9rminos y condiciones de compra"}]},{"@type":"WebSite","@id":"https:\/\/www.infoautonomos.com\/club-cursos\/#website","url":"https:\/\/www.infoautonomos.com\/club-cursos\/","name":"Club Cursos Infoaut\u00f3nomos","description":"Portal de Recursos, Formaci\u00f3n de Aut\u00f3nomos","publisher":{"@id":"https:\/\/www.infoautonomos.com\/club-cursos\/#organization"},"potentialAction":[{"@type":"SearchAction","target":{"@type":"EntryPoint","urlTemplate":"https:\/\/www.infoautonomos.com\/club-cursos\/?s={search_term_string}"},"query-input":{"@type":"PropertyValueSpecification","valueRequired":true,"valueName":"search_term_string"}}],"inLanguage":"es"},{"@type":"Organization","@id":"https:\/\/www.infoautonomos.com\/club-cursos\/#organization","name":"Infoaut\u00f3nomos","alternateName":"Portal de Noticias, informaci\u00f3n y Formaci\u00f3n para Aut\u00f3nomos","url":"https:\/\/www.infoautonomos.com\/club-cursos\/","logo":{"@type":"ImageObject","inLanguage":"es","@id":"https:\/\/www.infoautonomos.com\/club-cursos\/#\/schema\/logo\/image\/","url":"https:\/\/www.infoautonomos.com\/club-cursos\/wp-content\/uploads\/sites\/2\/2023\/03\/cropped-logo-infoautonomos.avif","contentUrl":"https:\/\/www.infoautonomos.com\/club-cursos\/wp-content\/uploads\/sites\/2\/2023\/03\/cropped-logo-infoautonomos.avif","width":230,"height":38,"caption":"Infoaut\u00f3nomos"},"image":{"@id":"https:\/\/www.infoautonomos.com\/club-cursos\/#\/schema\/logo\/image\/"}}]}},"_links":{"self":[{"href":"https:\/\/www.infoautonomos.com\/club-cursos\/wp-json\/wp\/v2\/pages\/9","targetHints":{"allow":["GET"]}}],"collection":[{"href":"https:\/\/www.infoautonomos.com\/club-cursos\/wp-json\/wp\/v2\/pages"}],"about":[{"href":"https:\/\/www.infoautonomos.com\/club-cursos\/wp-json\/wp\/v2\/types\/page"}],"author":[{"embeddable":true,"href":"https:\/\/www.infoautonomos.com\/club-cursos\/wp-json\/wp\/v2\/users\/1"}],"replies":[{"embeddable":true,"href":"https:\/\/www.infoautonomos.com\/club-cursos\/wp-json\/wp\/v2\/comments?post=9"}],"version-history":[{"count":4,"href":"https:\/\/www.infoautonomos.com\/club-cursos\/wp-json\/wp\/v2\/pages\/9\/revisions"}],"predecessor-version":[{"id":13243,"href":"https:\/\/www.infoautonomos.com\/club-cursos\/wp-json\/wp\/v2\/pages\/9\/revisions\/13243"}],"wp:attachment":[{"href":"https:\/\/www.infoautonomos.com\/club-cursos\/wp-json\/wp\/v2\/media?parent=9"}],"curies":[{"name":"wp","href":"https:\/\/api.w.org\/{rel}","templated":true}]}}